{"id":23,"date":"2017-05-11T17:36:10","date_gmt":"2017-05-11T15:36:10","guid":{"rendered":"http:\/\/localhost\/hausup\/?page_id=23\/"},"modified":"2021-12-13T13:02:19","modified_gmt":"2021-12-13T12:02:19","slug":"home-de","status":"publish","type":"page","link":"https:\/\/naturalcleanbrunico.it\/de\/","title":{"rendered":"Home DE"},"content":{"rendered":"","protected":false},"excerpt":{"rendered":"","protected":false},"author":1,"featured_media":0,"parent":0,"menu_order":0,"comment_status":"closed","ping_status":"closed","template":"","meta":[],"acf":[],"yoast_head":"<!-- This site is optimized with the Yoast SEO plugin v19.4 - https:\/\/yoast.com\/wordpress\/plugins\/seo\/ -->\n<title>Bruneck W\u00e4scherei Natural Clean: Ger\u00e4te der neuesten Generation.<\/title>\n<meta name=\"description\" content=\"Bruneck W\u00e4scherei Natural Clean: Nassreinigung, chemische Reinigung und Wet Cleaning. Gro\u00dfer Kundenparkplatz. Montag - Samstag.\" \/>\n<meta name=\"robots\" content=\"index, follow, max-snippet:-1, max-image-preview:large, max-video-preview:-1\" \/>\n<link rel=\"canonical\" href=\"https:\/\/naturalcleanbrunico.it\/de\/\" \/>\n<meta property=\"og:locale\" content=\"de_DE\" \/>\n<meta property=\"og:type\" content=\"article\" \/>\n<meta property=\"og:title\" content=\"Bruneck W\u00e4scherei Natural Clean: Ger\u00e4te der neuesten Generation.\" \/>\n<meta property=\"og:description\" content=\"Bruneck W\u00e4scherei Natural Clean: Nassreinigung, chemische Reinigung und Wet Cleaning. Gro\u00dfer Kundenparkplatz. Montag - Samstag.\" \/>\n<meta property=\"og:url\" content=\"https:\/\/naturalcleanbrunico.it\/de\/\" \/>\n<meta property=\"og:site_name\" content=\"Natural Clean\" \/>\n<meta property=\"article:modified_time\" content=\"2021-12-13T12:02:19+00:00\" \/>\n<meta name=\"twitter:card\" content=\"summary_large_image\" \/>\n<script type=\"application\/ld+json\" class=\"yoast-schema-graph\">{\"@context\":\"https:\/\/schema.org\",\"@graph\":[{\"@type\":\"Organization\",\"@id\":\"https:\/\/naturalcleanbrunico.it\/de\/#organization\",\"name\":\"Natural Clean\",\"url\":\"https:\/\/naturalcleanbrunico.it\/de\/\",\"sameAs\":[],\"logo\":{\"@type\":\"ImageObject\",\"inLanguage\":\"de\",\"@id\":\"https:\/\/naturalcleanbrunico.it\/de\/#\/schema\/logo\/image\/\",\"url\":\"https:\/\/naturalcleanbrunico.it\/wp-content\/uploads\/cropped-logo_naturalclean-2.png\",\"contentUrl\":\"https:\/\/naturalcleanbrunico.it\/wp-content\/uploads\/cropped-logo_naturalclean-2.png\",\"width\":897,\"height\":250,\"caption\":\"Natural Clean\"},\"image\":{\"@id\":\"https:\/\/naturalcleanbrunico.it\/de\/#\/schema\/logo\/image\/\"}},{\"@type\":\"WebSite\",\"@id\":\"https:\/\/naturalcleanbrunico.it\/de\/#website\",\"url\":\"https:\/\/naturalcleanbrunico.it\/de\/\",\"name\":\"Natural Clean\",\"description\":\" \",\"publisher\":{\"@id\":\"https:\/\/naturalcleanbrunico.it\/de\/#organization\"},\"potentialAction\":[{\"@type\":\"SearchAction\",\"target\":{\"@type\":\"EntryPoint\",\"urlTemplate\":\"https:\/\/naturalcleanbrunico.it\/de\/?s={search_term_string}\"},\"query-input\":\"required name=search_term_string\"}],\"inLanguage\":\"de\"},{\"@type\":\"WebPage\",\"@id\":\"https:\/\/naturalcleanbrunico.it\/de\/\",\"url\":\"https:\/\/naturalcleanbrunico.it\/de\/\",\"name\":\"Bruneck W\u00e4scherei Natural Clean: Ger\u00e4te der neuesten Generation.\",\"isPartOf\":{\"@id\":\"https:\/\/naturalcleanbrunico.it\/de\/#website\"},\"datePublished\":\"2017-05-11T15:36:10+00:00\",\"dateModified\":\"2021-12-13T12:02:19+00:00\",\"description\":\"Bruneck W\u00e4scherei Natural Clean: Nassreinigung, chemische Reinigung und Wet Cleaning. Gro\u00dfer Kundenparkplatz. Montag - Samstag.\",\"breadcrumb\":{\"@id\":\"https:\/\/naturalcleanbrunico.it\/de\/#breadcrumb\"},\"inLanguage\":\"de\",\"potentialAction\":[{\"@type\":\"ReadAction\",\"target\":[\"https:\/\/naturalcleanbrunico.it\/de\/\"]}]},{\"@type\":\"BreadcrumbList\",\"@id\":\"https:\/\/naturalcleanbrunico.it\/de\/#breadcrumb\",\"itemListElement\":[{\"@type\":\"ListItem\",\"position\":1,\"name\":\"Home\",\"item\":\"https:\/\/naturalcleanbrunico.it\/de\/\"},{\"@type\":\"ListItem\",\"position\":2,\"name\":\"Home DE\"}]}]}<\/script>\n<!-- \/ Yoast SEO plugin. -->","yoast_head_json":{"title":"Bruneck W\u00e4scherei Natural Clean: Ger\u00e4te der neuesten Generation.","description":"Bruneck W\u00e4scherei Natural Clean: Nassreinigung, chemische Reinigung und Wet Cleaning. Gro\u00dfer Kundenparkplatz. Montag - Samstag.","robots":{"index":"index","follow":"follow","max-snippet":"max-snippet:-1","max-image-preview":"max-image-preview:large","max-video-preview":"max-video-preview:-1"},"canonical":"https:\/\/naturalcleanbrunico.it\/de\/","og_locale":"de_DE","og_type":"article","og_title":"Bruneck W\u00e4scherei Natural Clean: Ger\u00e4te der neuesten Generation.","og_description":"Bruneck W\u00e4scherei Natural Clean: Nassreinigung, chemische Reinigung und Wet Cleaning. Gro\u00dfer Kundenparkplatz. Montag - Samstag.","og_url":"https:\/\/naturalcleanbrunico.it\/de\/","og_site_name":"Natural Clean","article_modified_time":"2021-12-13T12:02:19+00:00","twitter_card":"summary_large_image","schema":{"@context":"https:\/\/schema.org","@graph":[{"@type":"Organization","@id":"https:\/\/naturalcleanbrunico.it\/de\/#organization","name":"Natural Clean","url":"https:\/\/naturalcleanbrunico.it\/de\/","sameAs":[],"logo":{"@type":"ImageObject","inLanguage":"de","@id":"https:\/\/naturalcleanbrunico.it\/de\/#\/schema\/logo\/image\/","url":"https:\/\/naturalcleanbrunico.it\/wp-content\/uploads\/cropped-logo_naturalclean-2.png","contentUrl":"https:\/\/naturalcleanbrunico.it\/wp-content\/uploads\/cropped-logo_naturalclean-2.png","width":897,"height":250,"caption":"Natural Clean"},"image":{"@id":"https:\/\/naturalcleanbrunico.it\/de\/#\/schema\/logo\/image\/"}},{"@type":"WebSite","@id":"https:\/\/naturalcleanbrunico.it\/de\/#website","url":"https:\/\/naturalcleanbrunico.it\/de\/","name":"Natural Clean","description":" ","publisher":{"@id":"https:\/\/naturalcleanbrunico.it\/de\/#organization"},"potentialAction":[{"@type":"SearchAction","target":{"@type":"EntryPoint","urlTemplate":"https:\/\/naturalcleanbrunico.it\/de\/?s={search_term_string}"},"query-input":"required name=search_term_string"}],"inLanguage":"de"},{"@type":"WebPage","@id":"https:\/\/naturalcleanbrunico.it\/de\/","url":"https:\/\/naturalcleanbrunico.it\/de\/","name":"Bruneck W\u00e4scherei Natural Clean: Ger\u00e4te der neuesten Generation.","isPartOf":{"@id":"https:\/\/naturalcleanbrunico.it\/de\/#website"},"datePublished":"2017-05-11T15:36:10+00:00","dateModified":"2021-12-13T12:02:19+00:00","description":"Bruneck W\u00e4scherei Natural Clean: Nassreinigung, chemische Reinigung und Wet Cleaning. Gro\u00dfer Kundenparkplatz. Montag - Samstag.","breadcrumb":{"@id":"https:\/\/naturalcleanbrunico.it\/de\/#breadcrumb"},"inLanguage":"de","potentialAction":[{"@type":"ReadAction","target":["https:\/\/naturalcleanbrunico.it\/de\/"]}]},{"@type":"BreadcrumbList","@id":"https:\/\/naturalcleanbrunico.it\/de\/#breadcrumb","itemListElement":[{"@type":"ListItem","position":1,"name":"Home","item":"https:\/\/naturalcleanbrunico.it\/de\/"},{"@type":"ListItem","position":2,"name":"Home DE"}]}]}},"_links":{"self":[{"href":"https:\/\/naturalcleanbrunico.it\/de\/wp-json\/wp\/v2\/pages\/23"}],"collection":[{"href":"https:\/\/naturalcleanbrunico.it\/de\/wp-json\/wp\/v2\/pages"}],"about":[{"href":"https:\/\/naturalcleanbrunico.it\/de\/wp-json\/wp\/v2\/types\/page"}],"author":[{"embeddable":true,"href":"https:\/\/naturalcleanbrunico.it\/de\/wp-json\/wp\/v2\/users\/1"}],"replies":[{"embeddable":true,"href":"https:\/\/naturalcleanbrunico.it\/de\/wp-json\/wp\/v2\/comments?post=23"}],"version-history":[{"count":6,"href":"https:\/\/naturalcleanbrunico.it\/de\/wp-json\/wp\/v2\/pages\/23\/revisions"}],"predecessor-version":[{"id":533,"href":"https:\/\/naturalcleanbrunico.it\/de\/wp-json\/wp\/v2\/pages\/23\/revisions\/533"}],"wp:attachment":[{"href":"https:\/\/naturalcleanbrunico.it\/de\/wp-json\/wp\/v2\/media?parent=23"}],"curies":[{"name":"wp","href":"https:\/\/api.w.org\/{rel}","templated":true}]}}